{"id":10909,"date":"2021-12-01T19:46:22","date_gmt":"2021-12-01T19:46:22","guid":{"rendered":"https:\/\/www.pontcymru.org\/prosiect-dolydd-a-gwrychoedd-gwyr\/historic-environment\/"},"modified":"2021-12-01T20:04:52","modified_gmt":"2021-12-01T20:04:52","slug":"amgylchedd-hanesyddol","status":"publish","type":"page","link":"https:\/\/www.pontcymru.org\/cy\/prosiect-dolydd-a-gwrychoedd-gwyr\/amgylchedd-hanesyddol\/","title":{"rendered":"Amgylchedd Hanesyddol"},"content":{"rendered":"\n<div class=\"wp-block-columns is-layout-flex wp-container-core-columns-is-layout-1 wp-block-columns-is-layout-flex\">\n<div class=\"wp-block-column is-layout-flow wp-block-column-is-layout-flow\">\n<p>Treialwyd archwilio gwybodaeth hanesyddol am ddolydd lleol fel ffordd o ennyn diddordeb pobl yn lleol mewn gwarchod y dolydd fel rhan o&#8217;r prosiect hwn. Cafodd Helen Nicholas o Gower Unearthed gontract i edrych ar gefndir hanesyddol D\u00f4l Prior.<\/p>\n\n\n\n<p>Mae\u2019r adroddiad o ganlyniad <a href=\"https:\/\/www.pontcymru.org\/wp-content\/uploads\/2021\/12\/Mines-and-Meadows.pdf\" target=\"_blank\" rel=\"noreferrer noopener\">, \u2018Mwyngloddiau a Dolydd\u2019,<\/a>yn sefydlu cysylltiadau hanesyddol a diwylliannol cadarn Dolydd Prior a sut maent yn cael eu defnyddio a\u2019u gwerthfawrogi gan bobl leol.<\/p>\n\n\n\n<p>Gall nodi&#8217;r cyd-destun hanesyddol ddatgelu naratif sy&#8217;n dechrau edrych ar y berthynas rhwng pobl a&#8217;r tir. <\/p>\n\n\n\n<p>Mae&#8217;r adroddiad ar Dd\u00f4l Prior yn rhoi enghraifft ddiddorol o sut gall hanes darn cymharol fach o dir gysylltu \u00e2 stori ddiwydiannol G\u0175yr a rhanbarth De Cymru gyfan.<\/p>\n<\/div>\n\n\n\n<div class=\"wp-block-column is-layout-flow wp-block-column-is-layout-flow\">\n<figure class=\"wp-block-image size-large\"><img loading=\"lazy\" decoding=\"async\" width=\"960\" height=\"467\" src=\"https:\/\/www.pontcymru.org\/wp-content\/uploads\/2021\/12\/historic-walk-priors-8-960x467.jpg\" alt=\"\" class=\"wp-image-10900\" srcset=\"https:\/\/www.pontcymru.org\/wp-content\/uploads\/2021\/12\/historic-walk-priors-8-960x467.jpg 960w, https:\/\/www.pontcymru.org\/wp-content\/uploads\/2021\/12\/historic-walk-priors-8-600x292.jpg 600w, https:\/\/www.pontcymru.org\/wp-content\/uploads\/2021\/12\/historic-walk-priors-8-300x146.jpg 300w, https:\/\/www.pontcymru.org\/wp-content\/uploads\/2021\/12\/historic-walk-priors-8-768x373.jpg 768w, https:\/\/www.pontcymru.org\/wp-content\/uploads\/2021\/12\/historic-walk-priors-8-1536x746.jpg 1536w, https:\/\/www.pontcymru.org\/wp-content\/uploads\/2021\/12\/historic-walk-priors-8.jpg 1920w\" sizes=\"auto, (max-width: 960px) 100vw, 960px\" \/><\/figure>\n<\/div>\n<\/div>\n\n\n\n<p>Nid yw D\u00f4l Prior wedi newid llawer ers 600 mlynedd ac i lawer o bobl leol mae\u2019n creu atgofion da am amser a dreuliwyd ym myd natur. Mae edrych ar gyd-destun hanesyddol y dd\u00f4l wedi cysylltu atgofion pobl \u00e2&#8217;r gorffennol pell a&#8217;u helpu i ddeall y dd\u00f4l yn well. <\/p>\n\n\n\n<p>Felly mae sefydlu&#8217;r cyd-destun hanesyddol hwn yn gwella arwyddoc\u00e2d diwylliannol a gall chwarae rhan bwysig yn strategaethau cadwraeth dolydd y dyfodol a sut i gynnwys pobl leol yn eu cynaliadwyedd yn y dyfodol. <\/p>\n\n\n\n<p>Dyma pam y bydd prosiect ar y G\u0175yr yn y dyfodol yn ceisio adeiladu ar yr enghraifft hon a datblygu straeon tebyg ar gyfer dolydd eraill a hefyd gwrychoedd (ac efallai nodweddion ffiniau traddodiadol eraill) ar Benrhyn G\u0175yr.<\/p>\n","protected":false},"excerpt":{"rendered":"<p>Treialwyd archwilio gwybodaeth hanesyddol am ddolydd lleol fel ffordd o ennyn diddordeb pobl yn lleol mewn gwarchod y dolydd fel rhan o&#8217;r prosiect hwn. Cafodd Helen Nicholas o Gower Unearthed gontract i edrych ar gefndir hanesyddol D\u00f4l Prior. Mae\u2019r adroddiad o ganlyniad , \u2018Mwyngloddiau a Dolydd\u2019,yn sefydlu cysylltiadau hanesyddol a diwylliannol cadarn Dolydd Prior a sut maent yn cael eu defnyddio a\u2019u gwerthfawrogi gan bobl &hellip; <a href=\"https:\/\/www.pontcymru.org\/cy\/prosiect-dolydd-a-gwrychoedd-gwyr\/amgylchedd-hanesyddol\/\" class=\"more-link\">Continue reading <span class=\"screen-reader-text\">Amgylchedd Hanesyddol<\/span> <span class=\"meta-nav\">&raquo;<\/span><\/a><\/p>\n","protected":false},"author":204,"featured_media":10898,"parent":10847,"menu_order":0,"comment_status":"closed","ping_status":"closed","template":"page-templates\/no-margins-wfi.php","meta":{"footnotes":""},"class_list":["post-10909","page","type-page","status-publish","has-post-thumbnail","hentry"],"yoast_head":"<!-- This site is optimized with the Yoast SEO plugin v26.8 - https:\/\/yoast.com\/product\/yoast-seo-wordpress\/ -->\n<title>Amgylchedd Hanesyddol | PONT<\/title>\n<meta name=\"description\" content=\"Treialwyd archwilio gwybodaeth hanesyddol am ddolydd lleol fel ffordd o ennyn diddordeb pobl yn lleol mewn gwarchod y dolydd fel rhan o&#039;r prosiect hwn.\" \/>\n<meta name=\"robots\" content=\"index, follow, max-snippet:-1, max-image-preview:large, max-video-preview:-1\" \/>\n<link rel=\"canonical\" href=\"https:\/\/www.pontcymru.org\/cy\/prosiect-dolydd-a-gwrychoedd-gwyr\/amgylchedd-hanesyddol\/\" \/>\n<meta property=\"og:locale\" content=\"cy_GB\" \/>\n<meta property=\"og:type\" content=\"article\" \/>\n<meta property=\"og:title\" content=\"Amgylchedd Hanesyddol | PONT\" \/>\n<meta property=\"og:description\" content=\"Treialwyd archwilio gwybodaeth hanesyddol am ddolydd lleol fel ffordd o ennyn diddordeb pobl yn lleol mewn gwarchod y dolydd fel rhan o&#039;r prosiect hwn.\" \/>\n<meta property=\"og:url\" content=\"https:\/\/www.pontcymru.org\/cy\/prosiect-dolydd-a-gwrychoedd-gwyr\/amgylchedd-hanesyddol\/\" \/>\n<meta property=\"og:site_name\" content=\"PONT\" \/>\n<meta property=\"article:modified_time\" content=\"2021-12-01T20:04:52+00:00\" \/>\n<meta property=\"og:image\" content=\"https:\/\/www.pontcymru.org\/wp-content\/uploads\/2021\/12\/priors-historic-walk-1.jpg\" \/>\n\t<meta property=\"og:image:width\" content=\"1920\" \/>\n\t<meta property=\"og:image:height\" content=\"933\" \/>\n\t<meta property=\"og:image:type\" content=\"image\/jpeg\" \/>\n<meta name=\"twitter:card\" content=\"summary_large_image\" \/>\n<meta name=\"twitter:site\" content=\"@pontcymru\" \/>\n<meta name=\"twitter:label1\" content=\"Est. reading time\" \/>\n\t<meta name=\"twitter:data1\" content=\"2 minutes\" \/>\n<script type=\"application\/ld+json\" class=\"yoast-schema-graph\">{\"@context\":\"https:\/\/schema.org\",\"@graph\":[{\"@type\":\"WebPage\",\"@id\":\"https:\/\/www.pontcymru.org\/cy\/prosiect-dolydd-a-gwrychoedd-gwyr\/amgylchedd-hanesyddol\/\",\"url\":\"https:\/\/www.pontcymru.org\/cy\/prosiect-dolydd-a-gwrychoedd-gwyr\/amgylchedd-hanesyddol\/\",\"name\":\"Amgylchedd Hanesyddol | PONT\",\"isPartOf\":{\"@id\":\"https:\/\/www.pontcymru.org\/#website\"},\"primaryImageOfPage\":{\"@id\":\"https:\/\/www.pontcymru.org\/cy\/prosiect-dolydd-a-gwrychoedd-gwyr\/amgylchedd-hanesyddol\/#primaryimage\"},\"image\":{\"@id\":\"https:\/\/www.pontcymru.org\/cy\/prosiect-dolydd-a-gwrychoedd-gwyr\/amgylchedd-hanesyddol\/#primaryimage\"},\"thumbnailUrl\":\"https:\/\/www.pontcymru.org\/wp-content\/uploads\/2021\/12\/priors-historic-walk-1.jpg\",\"datePublished\":\"2021-12-01T19:46:22+00:00\",\"dateModified\":\"2021-12-01T20:04:52+00:00\",\"description\":\"Treialwyd archwilio gwybodaeth hanesyddol am ddolydd lleol fel ffordd o ennyn diddordeb pobl yn lleol mewn gwarchod y dolydd fel rhan o'r prosiect hwn.\",\"breadcrumb\":{\"@id\":\"https:\/\/www.pontcymru.org\/cy\/prosiect-dolydd-a-gwrychoedd-gwyr\/amgylchedd-hanesyddol\/#breadcrumb\"},\"inLanguage\":\"cy-GB\",\"potentialAction\":[{\"@type\":\"ReadAction\",\"target\":[\"https:\/\/www.pontcymru.org\/cy\/prosiect-dolydd-a-gwrychoedd-gwyr\/amgylchedd-hanesyddol\/\"]}]},{\"@type\":\"ImageObject\",\"inLanguage\":\"cy-GB\",\"@id\":\"https:\/\/www.pontcymru.org\/cy\/prosiect-dolydd-a-gwrychoedd-gwyr\/amgylchedd-hanesyddol\/#primaryimage\",\"url\":\"https:\/\/www.pontcymru.org\/wp-content\/uploads\/2021\/12\/priors-historic-walk-1.jpg\",\"contentUrl\":\"https:\/\/www.pontcymru.org\/wp-content\/uploads\/2021\/12\/priors-historic-walk-1.jpg\",\"width\":1920,\"height\":933,\"caption\":\"priors historic walk\"},{\"@type\":\"BreadcrumbList\",\"@id\":\"https:\/\/www.pontcymru.org\/cy\/prosiect-dolydd-a-gwrychoedd-gwyr\/amgylchedd-hanesyddol\/#breadcrumb\",\"itemListElement\":[{\"@type\":\"ListItem\",\"position\":1,\"name\":\"Home\",\"item\":\"https:\/\/www.pontcymru.org\/cy\/\"},{\"@type\":\"ListItem\",\"position\":2,\"name\":\"Prosiect Dolydd a Gwrychoedd G\u0175yr\",\"item\":\"https:\/\/www.pontcymru.org\/cy\/prosiect-dolydd-a-gwrychoedd-gwyr\/\"},{\"@type\":\"ListItem\",\"position\":3,\"name\":\"Amgylchedd Hanesyddol\"}]},{\"@type\":\"WebSite\",\"@id\":\"https:\/\/www.pontcymru.org\/#website\",\"url\":\"https:\/\/www.pontcymru.org\/\",\"name\":\"PONT\",\"description\":\"Adeiladu pontydd, helpu natur, gwella tirweddau\",\"potentialAction\":[{\"@type\":\"SearchAction\",\"target\":{\"@type\":\"EntryPoint\",\"urlTemplate\":\"https:\/\/www.pontcymru.org\/?s={search_term_string}\"},\"query-input\":{\"@type\":\"PropertyValueSpecification\",\"valueRequired\":true,\"valueName\":\"search_term_string\"}}],\"inLanguage\":\"cy-GB\"}]}<\/script>\n<!-- \/ Yoast SEO plugin. -->","yoast_head_json":{"title":"Amgylchedd Hanesyddol | PONT","description":"Treialwyd archwilio gwybodaeth hanesyddol am ddolydd lleol fel ffordd o ennyn diddordeb pobl yn lleol mewn gwarchod y dolydd fel rhan o'r prosiect hwn.","robots":{"index":"index","follow":"follow","max-snippet":"max-snippet:-1","max-image-preview":"max-image-preview:large","max-video-preview":"max-video-preview:-1"},"canonical":"https:\/\/www.pontcymru.org\/cy\/prosiect-dolydd-a-gwrychoedd-gwyr\/amgylchedd-hanesyddol\/","og_locale":"cy_GB","og_type":"article","og_title":"Amgylchedd Hanesyddol | PONT","og_description":"Treialwyd archwilio gwybodaeth hanesyddol am ddolydd lleol fel ffordd o ennyn diddordeb pobl yn lleol mewn gwarchod y dolydd fel rhan o'r prosiect hwn.","og_url":"https:\/\/www.pontcymru.org\/cy\/prosiect-dolydd-a-gwrychoedd-gwyr\/amgylchedd-hanesyddol\/","og_site_name":"PONT","article_modified_time":"2021-12-01T20:04:52+00:00","og_image":[{"width":1920,"height":933,"url":"https:\/\/www.pontcymru.org\/wp-content\/uploads\/2021\/12\/priors-historic-walk-1.jpg","type":"image\/jpeg"}],"twitter_card":"summary_large_image","twitter_site":"@pontcymru","twitter_misc":{"Est. reading time":"2 minutes"},"schema":{"@context":"https:\/\/schema.org","@graph":[{"@type":"WebPage","@id":"https:\/\/www.pontcymru.org\/cy\/prosiect-dolydd-a-gwrychoedd-gwyr\/amgylchedd-hanesyddol\/","url":"https:\/\/www.pontcymru.org\/cy\/prosiect-dolydd-a-gwrychoedd-gwyr\/amgylchedd-hanesyddol\/","name":"Amgylchedd Hanesyddol | PONT","isPartOf":{"@id":"https:\/\/www.pontcymru.org\/#website"},"primaryImageOfPage":{"@id":"https:\/\/www.pontcymru.org\/cy\/prosiect-dolydd-a-gwrychoedd-gwyr\/amgylchedd-hanesyddol\/#primaryimage"},"image":{"@id":"https:\/\/www.pontcymru.org\/cy\/prosiect-dolydd-a-gwrychoedd-gwyr\/amgylchedd-hanesyddol\/#primaryimage"},"thumbnailUrl":"https:\/\/www.pontcymru.org\/wp-content\/uploads\/2021\/12\/priors-historic-walk-1.jpg","datePublished":"2021-12-01T19:46:22+00:00","dateModified":"2021-12-01T20:04:52+00:00","description":"Treialwyd archwilio gwybodaeth hanesyddol am ddolydd lleol fel ffordd o ennyn diddordeb pobl yn lleol mewn gwarchod y dolydd fel rhan o'r prosiect hwn.","breadcrumb":{"@id":"https:\/\/www.pontcymru.org\/cy\/prosiect-dolydd-a-gwrychoedd-gwyr\/amgylchedd-hanesyddol\/#breadcrumb"},"inLanguage":"cy-GB","potentialAction":[{"@type":"ReadAction","target":["https:\/\/www.pontcymru.org\/cy\/prosiect-dolydd-a-gwrychoedd-gwyr\/amgylchedd-hanesyddol\/"]}]},{"@type":"ImageObject","inLanguage":"cy-GB","@id":"https:\/\/www.pontcymru.org\/cy\/prosiect-dolydd-a-gwrychoedd-gwyr\/amgylchedd-hanesyddol\/#primaryimage","url":"https:\/\/www.pontcymru.org\/wp-content\/uploads\/2021\/12\/priors-historic-walk-1.jpg","contentUrl":"https:\/\/www.pontcymru.org\/wp-content\/uploads\/2021\/12\/priors-historic-walk-1.jpg","width":1920,"height":933,"caption":"priors historic walk"},{"@type":"BreadcrumbList","@id":"https:\/\/www.pontcymru.org\/cy\/prosiect-dolydd-a-gwrychoedd-gwyr\/amgylchedd-hanesyddol\/#breadcrumb","itemListElement":[{"@type":"ListItem","position":1,"name":"Home","item":"https:\/\/www.pontcymru.org\/cy\/"},{"@type":"ListItem","position":2,"name":"Prosiect Dolydd a Gwrychoedd G\u0175yr","item":"https:\/\/www.pontcymru.org\/cy\/prosiect-dolydd-a-gwrychoedd-gwyr\/"},{"@type":"ListItem","position":3,"name":"Amgylchedd Hanesyddol"}]},{"@type":"WebSite","@id":"https:\/\/www.pontcymru.org\/#website","url":"https:\/\/www.pontcymru.org\/","name":"PONT","description":"Adeiladu pontydd, helpu natur, gwella tirweddau","potentialAction":[{"@type":"SearchAction","target":{"@type":"EntryPoint","urlTemplate":"https:\/\/www.pontcymru.org\/?s={search_term_string}"},"query-input":{"@type":"PropertyValueSpecification","valueRequired":true,"valueName":"search_term_string"}}],"inLanguage":"cy-GB"}]}},"publishpress_future_workflow_manual_trigger":{"enabledWorkflows":[]},"_links":{"self":[{"href":"https:\/\/www.pontcymru.org\/cy\/wp-json\/wp\/v2\/pages\/10909","targetHints":{"allow":["GET"]}}],"collection":[{"href":"https:\/\/www.pontcymru.org\/cy\/wp-json\/wp\/v2\/pages"}],"about":[{"href":"https:\/\/www.pontcymru.org\/cy\/wp-json\/wp\/v2\/types\/page"}],"author":[{"embeddable":true,"href":"https:\/\/www.pontcymru.org\/cy\/wp-json\/wp\/v2\/users\/204"}],"replies":[{"embeddable":true,"href":"https:\/\/www.pontcymru.org\/cy\/wp-json\/wp\/v2\/comments?post=10909"}],"version-history":[{"count":5,"href":"https:\/\/www.pontcymru.org\/cy\/wp-json\/wp\/v2\/pages\/10909\/revisions"}],"predecessor-version":[{"id":10918,"href":"https:\/\/www.pontcymru.org\/cy\/wp-json\/wp\/v2\/pages\/10909\/revisions\/10918"}],"up":[{"embeddable":true,"href":"https:\/\/www.pontcymru.org\/cy\/wp-json\/wp\/v2\/pages\/10847"}],"wp:featuredmedia":[{"embeddable":true,"href":"https:\/\/www.pontcymru.org\/cy\/wp-json\/wp\/v2\/media\/10898"}],"wp:attachment":[{"href":"https:\/\/www.pontcymru.org\/cy\/wp-json\/wp\/v2\/media?parent=10909"}],"curies":[{"name":"wp","href":"https:\/\/api.w.org\/{rel}","templated":true}]}}