{"id":10891,"date":"2021-12-01T19:11:58","date_gmt":"2021-12-01T19:11:58","guid":{"rendered":"https:\/\/www.pontcymru.org\/prosiect-dolydd-a-gwrychoedd-gwyr\/engagement-and-skills-development\/"},"modified":"2021-12-01T19:28:22","modified_gmt":"2021-12-01T19:28:22","slug":"engagement-and-skills-development","status":"publish","type":"page","link":"https:\/\/www.pontcymru.org\/cy\/prosiect-dolydd-a-gwrychoedd-gwyr\/engagement-and-skills-development\/","title":{"rendered":"Ymgysylltu a Datblygu Sgiliau"},"content":{"rendered":"\n<h2 class=\"wp-block-heading\"><strong>Cynhaliodd y prosiect nifer o ddigwyddiadau a gweithgareddau lleol i annog pobl i ddysgu am ddolydd a gwrychoedd, eu gwerth a sut i&#8217;w rheoli.<\/strong><\/h2>\n\n<h3 class=\"wp-block-heading\"><strong>Dysgu am bridd<\/strong><\/h3>\n\n<p>Mae Gr\u0175p Dolydd G\u0175yr wedi tanysgrifio  <a href=\"https:\/\/soils.vidacycle.com\/\" target=\"_blank\" rel=\"noreferrer noopener\">Soil Mentor<\/a>, ap sy&#8217;n helpu&#8217;r aelodau i asesu cyflwr pridd. <\/p>\n\n<div class=\"wp-block-columns is-layout-flex wp-container-core-columns-is-layout-1 wp-block-columns-is-layout-flex\">\n<div class=\"wp-block-column is-layout-flow wp-block-column-is-layout-flow\">\n<p>Derbyniodd yr aelodau sy\u2019n berchnogion a rheolwyr dolydd hyfforddiant gan yr arbenigwr pridd Niels Corfield er mwyn defnyddio\u2019r ap ac maent yn gallu cadw golwg ar gyflwr eu pridd wrth i\u2019w dolydd ddatblygu. Mae hyn yn darparu gwybodaeth bwysig i helpu i reoli&#8217;r dolydd yn briodol ond mae&#8217;n ffactor sy&#8217;n cael ei anwybyddu yn aml.<\/p>\n\n\n\n<h3 class=\"wp-block-heading\"><strong>Dyddiau gwirfoddoli<\/strong><\/h3>\n\n\n\n<p>Gwahoddodd y Mycolegydd, Emma Williams, o Ffyngau Tomenni Glo, wirfoddolwyr i ddod draw i ddysgu am ffyngau\u2019r glaswelltir a\u2019r gwrychoedd a datblygu eu sgiliau arolygu. <\/p>\n\n\n\n<p>Cynigiwyd dau ddiwrnod gwirfoddoli ac mae&#8217;r cofnodion a gasglwyd wedi cyfrannu at gofnodi&#8217;r ffwng parasiwt celyn prin mewn gwrych lleol, a gwelwyd bod un o&#8217;r glaswelltiroedd a arolygwyd yn bwysig yn genedlaethol ar gyfer ffyngau capiau cwyr.<\/p>\n<\/div>\n\n\n\n<div class=\"wp-block-column is-layout-flow wp-block-column-is-layout-flow\">\n<figure class=\"wp-block-image size-large\"><img loading=\"lazy\" decoding=\"async\" width=\"960\" height=\"467\" src=\"https:\/\/www.pontcymru.org\/wp-content\/uploads\/2021\/12\/20211120_133556-960x467.jpg\" alt=\"\" class=\"wp-image-10885\" srcset=\"https:\/\/www.pontcymru.org\/wp-content\/uploads\/2021\/12\/20211120_133556-960x467.jpg 960w, https:\/\/www.pontcymru.org\/wp-content\/uploads\/2021\/12\/20211120_133556-600x292.jpg 600w, https:\/\/www.pontcymru.org\/wp-content\/uploads\/2021\/12\/20211120_133556-300x146.jpg 300w, https:\/\/www.pontcymru.org\/wp-content\/uploads\/2021\/12\/20211120_133556-768x373.jpg 768w, https:\/\/www.pontcymru.org\/wp-content\/uploads\/2021\/12\/20211120_133556-1536x746.jpg 1536w, https:\/\/www.pontcymru.org\/wp-content\/uploads\/2021\/12\/20211120_133556.jpg 1920w\" sizes=\"auto, (max-width: 960px) 100vw, 960px\" \/><\/figure>\n\n\n\n<p><\/p>\n<\/div>\n<\/div>\n\n<p>Fe wnaeth gweithdy gwrychoedd marw yn Fferm Gymunedol Abertawe feithrin sgiliau defnyddiol cyfranogwyr wrth sicrhau bylchau yn ffiniau gwrychoedd a diogelu eginblanhigion newydd eu plannu.<\/p>\n\n<h3 class=\"wp-block-heading\"><strong>Dysgu Pladurio<\/strong><\/h3>\n\n<p>Darparodd Ymddiriedolaeth Natur De a Gorllewin Cymru weithdy pladurio ar gyfer gwirfoddolwyr Gr\u0175p Dolydd G\u0175yr ar dd\u00f4l yn perthyn i un o aelodau&#8217;r gr\u0175p. Roedd y sesiwn blasu yma\u2019n gyfle i\u2019r cyfranogwyr ddarganfod a fyddent yn hoffi defnyddio pladur fel dull o reoli ardaloedd bach o laswelltir fel dolydd.<\/p>\n\n<h3 class=\"wp-block-heading\">Taith Tirwedd Hanesyddol<\/h3>\n\n<p>Cyflwynodd Helen Nicholas o Gower Unearthed aelodau\u2019r gr\u0175p dolydd i dirwedd hanesyddol Dolydd Priors, Three Crosses yn haf 2021. Dysgodd y gr\u0175p am hanes yr ardal, yn amrywio o fwyngloddio i bropaganda Nats\u00efaidd!<\/p>\n","protected":false},"excerpt":{"rendered":"<p>Cynhaliodd y prosiect nifer o ddigwyddiadau a gweithgareddau lleol i annog pobl i ddysgu am ddolydd a gwrychoedd, eu gwerth a sut i&#8217;w rheoli. Dysgu am bridd Mae Gr\u0175p Dolydd G\u0175yr wedi tanysgrifio Soil Mentor, ap sy&#8217;n helpu&#8217;r aelodau i asesu cyflwr pridd. Derbyniodd yr aelodau sy\u2019n berchnogion a rheolwyr dolydd hyfforddiant gan yr arbenigwr pridd Niels Corfield er mwyn defnyddio\u2019r ap ac maent yn &hellip; <a href=\"https:\/\/www.pontcymru.org\/cy\/prosiect-dolydd-a-gwrychoedd-gwyr\/engagement-and-skills-development\/\" class=\"more-link\">Continue reading <span class=\"screen-reader-text\">Ymgysylltu a Datblygu Sgiliau<\/span> <span class=\"meta-nav\">&raquo;<\/span><\/a><\/p>\n","protected":false},"author":204,"featured_media":10884,"parent":10847,"menu_order":0,"comment_status":"closed","ping_status":"closed","template":"page-templates\/no-margins-wfi.php","meta":{"footnotes":""},"class_list":["post-10891","page","type-page","status-publish","has-post-thumbnail","hentry"],"yoast_head":"<!-- This site is optimized with the Yoast SEO plugin v26.8 - https:\/\/yoast.com\/product\/yoast-seo-wordpress\/ -->\n<title>Ymgysylltu a Datblygu Sgiliau | PONT<\/title>\n<meta name=\"description\" content=\"Cynhaliodd y prosiect nifer o ddigwyddiadau a gweithgareddau lleol i annog pobl i ddysgu am ddolydd a gwrychoedd, eu gwerth a sut i&#039;w rheoli.\" \/>\n<meta name=\"robots\" content=\"index, follow, max-snippet:-1, max-image-preview:large, max-video-preview:-1\" \/>\n<link rel=\"canonical\" href=\"https:\/\/www.pontcymru.org\/cy\/prosiect-dolydd-a-gwrychoedd-gwyr\/engagement-and-skills-development\/\" \/>\n<meta property=\"og:locale\" content=\"cy_GB\" \/>\n<meta property=\"og:type\" content=\"article\" \/>\n<meta property=\"og:title\" content=\"Ymgysylltu a Datblygu Sgiliau | PONT\" \/>\n<meta property=\"og:description\" content=\"Cynhaliodd y prosiect nifer o ddigwyddiadau a gweithgareddau lleol i annog pobl i ddysgu am ddolydd a gwrychoedd, eu gwerth a sut i&#039;w rheoli.\" \/>\n<meta property=\"og:url\" content=\"https:\/\/www.pontcymru.org\/cy\/prosiect-dolydd-a-gwrychoedd-gwyr\/engagement-and-skills-development\/\" \/>\n<meta property=\"og:site_name\" content=\"PONT\" \/>\n<meta property=\"article:modified_time\" content=\"2021-12-01T19:28:22+00:00\" \/>\n<meta property=\"og:image\" content=\"https:\/\/www.pontcymru.org\/wp-content\/uploads\/2021\/12\/scythe-course-9.jpg\" \/>\n\t<meta property=\"og:image:width\" content=\"1920\" \/>\n\t<meta property=\"og:image:height\" content=\"933\" \/>\n\t<meta property=\"og:image:type\" content=\"image\/jpeg\" \/>\n<meta name=\"twitter:card\" content=\"summary_large_image\" \/>\n<meta name=\"twitter:site\" content=\"@pontcymru\" \/>\n<meta name=\"twitter:label1\" content=\"Est. reading time\" \/>\n\t<meta name=\"twitter:data1\" content=\"2 minutes\" \/>\n<script type=\"application\/ld+json\" class=\"yoast-schema-graph\">{\"@context\":\"https:\/\/schema.org\",\"@graph\":[{\"@type\":\"WebPage\",\"@id\":\"https:\/\/www.pontcymru.org\/cy\/prosiect-dolydd-a-gwrychoedd-gwyr\/engagement-and-skills-development\/\",\"url\":\"https:\/\/www.pontcymru.org\/cy\/prosiect-dolydd-a-gwrychoedd-gwyr\/engagement-and-skills-development\/\",\"name\":\"Ymgysylltu a Datblygu Sgiliau | PONT\",\"isPartOf\":{\"@id\":\"https:\/\/www.pontcymru.org\/#website\"},\"primaryImageOfPage\":{\"@id\":\"https:\/\/www.pontcymru.org\/cy\/prosiect-dolydd-a-gwrychoedd-gwyr\/engagement-and-skills-development\/#primaryimage\"},\"image\":{\"@id\":\"https:\/\/www.pontcymru.org\/cy\/prosiect-dolydd-a-gwrychoedd-gwyr\/engagement-and-skills-development\/#primaryimage\"},\"thumbnailUrl\":\"https:\/\/www.pontcymru.org\/wp-content\/uploads\/2021\/12\/scythe-course-9.jpg\",\"datePublished\":\"2021-12-01T19:11:58+00:00\",\"dateModified\":\"2021-12-01T19:28:22+00:00\",\"description\":\"Cynhaliodd y prosiect nifer o ddigwyddiadau a gweithgareddau lleol i annog pobl i ddysgu am ddolydd a gwrychoedd, eu gwerth a sut i'w rheoli.\",\"breadcrumb\":{\"@id\":\"https:\/\/www.pontcymru.org\/cy\/prosiect-dolydd-a-gwrychoedd-gwyr\/engagement-and-skills-development\/#breadcrumb\"},\"inLanguage\":\"cy-GB\",\"potentialAction\":[{\"@type\":\"ReadAction\",\"target\":[\"https:\/\/www.pontcymru.org\/cy\/prosiect-dolydd-a-gwrychoedd-gwyr\/engagement-and-skills-development\/\"]}]},{\"@type\":\"ImageObject\",\"inLanguage\":\"cy-GB\",\"@id\":\"https:\/\/www.pontcymru.org\/cy\/prosiect-dolydd-a-gwrychoedd-gwyr\/engagement-and-skills-development\/#primaryimage\",\"url\":\"https:\/\/www.pontcymru.org\/wp-content\/uploads\/2021\/12\/scythe-course-9.jpg\",\"contentUrl\":\"https:\/\/www.pontcymru.org\/wp-content\/uploads\/2021\/12\/scythe-course-9.jpg\",\"width\":1920,\"height\":933},{\"@type\":\"BreadcrumbList\",\"@id\":\"https:\/\/www.pontcymru.org\/cy\/prosiect-dolydd-a-gwrychoedd-gwyr\/engagement-and-skills-development\/#breadcrumb\",\"itemListElement\":[{\"@type\":\"ListItem\",\"position\":1,\"name\":\"Home\",\"item\":\"https:\/\/www.pontcymru.org\/cy\/\"},{\"@type\":\"ListItem\",\"position\":2,\"name\":\"Prosiect Dolydd a Gwrychoedd G\u0175yr\",\"item\":\"https:\/\/www.pontcymru.org\/cy\/prosiect-dolydd-a-gwrychoedd-gwyr\/\"},{\"@type\":\"ListItem\",\"position\":3,\"name\":\"Ymgysylltu a Datblygu Sgiliau\"}]},{\"@type\":\"WebSite\",\"@id\":\"https:\/\/www.pontcymru.org\/#website\",\"url\":\"https:\/\/www.pontcymru.org\/\",\"name\":\"PONT\",\"description\":\"Adeiladu pontydd, helpu natur, gwella tirweddau\",\"potentialAction\":[{\"@type\":\"SearchAction\",\"target\":{\"@type\":\"EntryPoint\",\"urlTemplate\":\"https:\/\/www.pontcymru.org\/?s={search_term_string}\"},\"query-input\":{\"@type\":\"PropertyValueSpecification\",\"valueRequired\":true,\"valueName\":\"search_term_string\"}}],\"inLanguage\":\"cy-GB\"}]}<\/script>\n<!-- \/ Yoast SEO plugin. -->","yoast_head_json":{"title":"Ymgysylltu a Datblygu Sgiliau | PONT","description":"Cynhaliodd y prosiect nifer o ddigwyddiadau a gweithgareddau lleol i annog pobl i ddysgu am ddolydd a gwrychoedd, eu gwerth a sut i'w rheoli.","robots":{"index":"index","follow":"follow","max-snippet":"max-snippet:-1","max-image-preview":"max-image-preview:large","max-video-preview":"max-video-preview:-1"},"canonical":"https:\/\/www.pontcymru.org\/cy\/prosiect-dolydd-a-gwrychoedd-gwyr\/engagement-and-skills-development\/","og_locale":"cy_GB","og_type":"article","og_title":"Ymgysylltu a Datblygu Sgiliau | PONT","og_description":"Cynhaliodd y prosiect nifer o ddigwyddiadau a gweithgareddau lleol i annog pobl i ddysgu am ddolydd a gwrychoedd, eu gwerth a sut i'w rheoli.","og_url":"https:\/\/www.pontcymru.org\/cy\/prosiect-dolydd-a-gwrychoedd-gwyr\/engagement-and-skills-development\/","og_site_name":"PONT","article_modified_time":"2021-12-01T19:28:22+00:00","og_image":[{"width":1920,"height":933,"url":"https:\/\/www.pontcymru.org\/wp-content\/uploads\/2021\/12\/scythe-course-9.jpg","type":"image\/jpeg"}],"twitter_card":"summary_large_image","twitter_site":"@pontcymru","twitter_misc":{"Est. reading time":"2 minutes"},"schema":{"@context":"https:\/\/schema.org","@graph":[{"@type":"WebPage","@id":"https:\/\/www.pontcymru.org\/cy\/prosiect-dolydd-a-gwrychoedd-gwyr\/engagement-and-skills-development\/","url":"https:\/\/www.pontcymru.org\/cy\/prosiect-dolydd-a-gwrychoedd-gwyr\/engagement-and-skills-development\/","name":"Ymgysylltu a Datblygu Sgiliau | PONT","isPartOf":{"@id":"https:\/\/www.pontcymru.org\/#website"},"primaryImageOfPage":{"@id":"https:\/\/www.pontcymru.org\/cy\/prosiect-dolydd-a-gwrychoedd-gwyr\/engagement-and-skills-development\/#primaryimage"},"image":{"@id":"https:\/\/www.pontcymru.org\/cy\/prosiect-dolydd-a-gwrychoedd-gwyr\/engagement-and-skills-development\/#primaryimage"},"thumbnailUrl":"https:\/\/www.pontcymru.org\/wp-content\/uploads\/2021\/12\/scythe-course-9.jpg","datePublished":"2021-12-01T19:11:58+00:00","dateModified":"2021-12-01T19:28:22+00:00","description":"Cynhaliodd y prosiect nifer o ddigwyddiadau a gweithgareddau lleol i annog pobl i ddysgu am ddolydd a gwrychoedd, eu gwerth a sut i'w rheoli.","breadcrumb":{"@id":"https:\/\/www.pontcymru.org\/cy\/prosiect-dolydd-a-gwrychoedd-gwyr\/engagement-and-skills-development\/#breadcrumb"},"inLanguage":"cy-GB","potentialAction":[{"@type":"ReadAction","target":["https:\/\/www.pontcymru.org\/cy\/prosiect-dolydd-a-gwrychoedd-gwyr\/engagement-and-skills-development\/"]}]},{"@type":"ImageObject","inLanguage":"cy-GB","@id":"https:\/\/www.pontcymru.org\/cy\/prosiect-dolydd-a-gwrychoedd-gwyr\/engagement-and-skills-development\/#primaryimage","url":"https:\/\/www.pontcymru.org\/wp-content\/uploads\/2021\/12\/scythe-course-9.jpg","contentUrl":"https:\/\/www.pontcymru.org\/wp-content\/uploads\/2021\/12\/scythe-course-9.jpg","width":1920,"height":933},{"@type":"BreadcrumbList","@id":"https:\/\/www.pontcymru.org\/cy\/prosiect-dolydd-a-gwrychoedd-gwyr\/engagement-and-skills-development\/#breadcrumb","itemListElement":[{"@type":"ListItem","position":1,"name":"Home","item":"https:\/\/www.pontcymru.org\/cy\/"},{"@type":"ListItem","position":2,"name":"Prosiect Dolydd a Gwrychoedd G\u0175yr","item":"https:\/\/www.pontcymru.org\/cy\/prosiect-dolydd-a-gwrychoedd-gwyr\/"},{"@type":"ListItem","position":3,"name":"Ymgysylltu a Datblygu Sgiliau"}]},{"@type":"WebSite","@id":"https:\/\/www.pontcymru.org\/#website","url":"https:\/\/www.pontcymru.org\/","name":"PONT","description":"Adeiladu pontydd, helpu natur, gwella tirweddau","potentialAction":[{"@type":"SearchAction","target":{"@type":"EntryPoint","urlTemplate":"https:\/\/www.pontcymru.org\/?s={search_term_string}"},"query-input":{"@type":"PropertyValueSpecification","valueRequired":true,"valueName":"search_term_string"}}],"inLanguage":"cy-GB"}]}},"publishpress_future_workflow_manual_trigger":{"enabledWorkflows":[]},"_links":{"self":[{"href":"https:\/\/www.pontcymru.org\/cy\/wp-json\/wp\/v2\/pages\/10891","targetHints":{"allow":["GET"]}}],"collection":[{"href":"https:\/\/www.pontcymru.org\/cy\/wp-json\/wp\/v2\/pages"}],"about":[{"href":"https:\/\/www.pontcymru.org\/cy\/wp-json\/wp\/v2\/types\/page"}],"author":[{"embeddable":true,"href":"https:\/\/www.pontcymru.org\/cy\/wp-json\/wp\/v2\/users\/204"}],"replies":[{"embeddable":true,"href":"https:\/\/www.pontcymru.org\/cy\/wp-json\/wp\/v2\/comments?post=10891"}],"version-history":[{"count":4,"href":"https:\/\/www.pontcymru.org\/cy\/wp-json\/wp\/v2\/pages\/10891\/revisions"}],"predecessor-version":[{"id":10895,"href":"https:\/\/www.pontcymru.org\/cy\/wp-json\/wp\/v2\/pages\/10891\/revisions\/10895"}],"up":[{"embeddable":true,"href":"https:\/\/www.pontcymru.org\/cy\/wp-json\/wp\/v2\/pages\/10847"}],"wp:featuredmedia":[{"embeddable":true,"href":"https:\/\/www.pontcymru.org\/cy\/wp-json\/wp\/v2\/media\/10884"}],"wp:attachment":[{"href":"https:\/\/www.pontcymru.org\/cy\/wp-json\/wp\/v2\/media?parent=10891"}],"curies":[{"name":"wp","href":"https:\/\/api.w.org\/{rel}","templated":true}]}}