{"id":10847,"date":"2021-12-01T18:54:24","date_gmt":"2021-12-01T18:54:24","guid":{"rendered":"https:\/\/www.pontcymru.org\/?page_id=10847"},"modified":"2021-12-01T20:14:05","modified_gmt":"2021-12-01T20:14:05","slug":"prosiect-dolydd-a-gwrychoedd-gwyr","status":"publish","type":"page","link":"https:\/\/www.pontcymru.org\/cy\/prosiect-dolydd-a-gwrychoedd-gwyr\/","title":{"rendered":"Prosiect Dolydd a Gwrychoedd G\u0175yr"},"content":{"rendered":"\n<h3 class=\"wp-block-heading\">Mae Prosiect Canlyniadau a Rennir CNC wedi galluogi PONT i weithio gyda Gr\u0175p Dolydd G\u0175yr a phartneriaid eraill i dreialu gwahanol reolaeth ar ddolydd a gwrychoedd lleol. Fe wnaethom ni ddewis dull cyfannol o reoli dolydd.<\/h3>\n\n\n\n<p>Nod y prosiect oedd meithrin sgiliau perchnogion Gr\u0175p Dolydd G\u0175yr a phartneriaid eraill i ystyried sawl agwedd ar reoli glaswelltir i wneud penderfyniadau rheoli gwybodus, cynaliadwy a hyblyg.<\/p>\n\n\n\n<p>Roedd yn brosiect byr ac mae cyllid yn cael ei geisio nawr i ddatblygu i fod yn brosiect tymor hwy a all adeiladu ar yr hyn a ddysgwyd a datblygu&#8217;r syniadau hyn ymhellach i gefnogi rheolaeth gynaliadwy wrth symud ymlaen.<\/p>\n\n\n\n<p>Mae Penrhyn G\u0175yr, De Cymru yn cynnwys cyfuniad o dir amaethyddol cynhyrchiol a Thir Comin yn bennaf. O ganlyniad i&#8217;r pridd ffrwythlon, bu tueddiad i gynhyrchu cymaint \u00e2 phosibl ac felly ychydig o laswelltiroedd lled-naturiol sydd ar \u00f4l.<\/p>\n\n\n\n<p>Mae prosiect Dolydd G\u0175yr yn dod \u00e2 pherchnogion a rheolwyr glaswelltiroedd at ei gilydd i ddysgu a rheoli eu dolydd yn y ffordd fwyaf cynaliadwy. Ymhlith y partneriaid mae Gr\u0175p Dolydd G\u0175yr, CNC, YNDGC, Cyngor Abertawe, yr Ymddiriedolaeth Genedlaethol, Cyfeillion Parciau Treforys, Cyfeillion Coed Dyffryn Clun a Fferm Gymunedol Abertawe, ymhlith eraill. <\/p>\n\n\n\n<div class=\"wp-block-columns is-layout-flex wp-container-core-columns-is-layout-1 wp-block-columns-is-layout-flex\">\n<div class=\"wp-block-column is-layout-flow wp-block-column-is-layout-flow\">\n<figure class=\"wp-block-image size-large\"><a href=\"https:\/\/www.pontcymru.org\/cy\/prosiect-dolydd-a-gwrychoedd-gwyr\/rheoli-dolydd\/\"><img loading=\"lazy\" decoding=\"async\" width=\"960\" height=\"467\" src=\"https:\/\/www.pontcymru.org\/wp-content\/uploads\/2021\/12\/grazing-oxwich-2-960x467.jpg\" alt=\"Cattle grazing at Oxwich\" class=\"wp-image-10841\" srcset=\"https:\/\/www.pontcymru.org\/wp-content\/uploads\/2021\/12\/grazing-oxwich-2-960x467.jpg 960w, https:\/\/www.pontcymru.org\/wp-content\/uploads\/2021\/12\/grazing-oxwich-2-600x292.jpg 600w, https:\/\/www.pontcymru.org\/wp-content\/uploads\/2021\/12\/grazing-oxwich-2-300x146.jpg 300w, https:\/\/www.pontcymru.org\/wp-content\/uploads\/2021\/12\/grazing-oxwich-2-768x373.jpg 768w, https:\/\/www.pontcymru.org\/wp-content\/uploads\/2021\/12\/grazing-oxwich-2-1536x746.jpg 1536w, https:\/\/www.pontcymru.org\/wp-content\/uploads\/2021\/12\/grazing-oxwich-2.jpg 1920w\" sizes=\"auto, (max-width: 960px) 100vw, 960px\" \/><\/a><\/figure>\n\n\n\n<h4 class=\"wp-block-heading\">Rheoli Treialon<\/h4>\n<\/div>\n\n\n\n<div class=\"wp-block-column is-layout-flow wp-block-column-is-layout-flow\">\n<figure class=\"wp-block-image size-large\"><a href=\"https:\/\/www.pontcymru.org\/cy\/prosiect-dolydd-a-gwrychoedd-gwyr\/engagement-and-skills-development\/\"><img loading=\"lazy\" decoding=\"async\" width=\"960\" height=\"467\" src=\"https:\/\/www.pontcymru.org\/wp-content\/uploads\/2021\/12\/scythe-course-8-960x467.jpg\" alt=\"\" class=\"wp-image-10836\" srcset=\"https:\/\/www.pontcymru.org\/wp-content\/uploads\/2021\/12\/scythe-course-8-960x467.jpg 960w, https:\/\/www.pontcymru.org\/wp-content\/uploads\/2021\/12\/scythe-course-8-600x292.jpg 600w, https:\/\/www.pontcymru.org\/wp-content\/uploads\/2021\/12\/scythe-course-8-300x146.jpg 300w, https:\/\/www.pontcymru.org\/wp-content\/uploads\/2021\/12\/scythe-course-8-768x373.jpg 768w, https:\/\/www.pontcymru.org\/wp-content\/uploads\/2021\/12\/scythe-course-8-1536x746.jpg 1536w, https:\/\/www.pontcymru.org\/wp-content\/uploads\/2021\/12\/scythe-course-8.jpg 1920w\" sizes=\"auto, (max-width: 960px) 100vw, 960px\" \/><\/a><\/figure>\n\n\n\n<h4 class=\"wp-block-heading\">Ymgysylltu a Datblygu Sgiliau<\/h4>\n<\/div>\n\n\n\n<div class=\"wp-block-column is-layout-flow wp-block-column-is-layout-flow\">\n<figure class=\"wp-block-image size-large\"><a href=\"https:\/\/www.pontcymru.org\/cy\/prosiect-dolydd-a-gwrychoedd-gwyr\/historic-environment\/\"><img loading=\"lazy\" decoding=\"async\" width=\"960\" height=\"467\" src=\"https:\/\/www.pontcymru.org\/wp-content\/uploads\/2021\/12\/priors-historic-walk-960x467.jpg\" alt=\"\" class=\"wp-image-10843\" srcset=\"https:\/\/www.pontcymru.org\/wp-content\/uploads\/2021\/12\/priors-historic-walk-960x467.jpg 960w, https:\/\/www.pontcymru.org\/wp-content\/uploads\/2021\/12\/priors-historic-walk-600x292.jpg 600w, https:\/\/www.pontcymru.org\/wp-content\/uploads\/2021\/12\/priors-historic-walk-300x146.jpg 300w, https:\/\/www.pontcymru.org\/wp-content\/uploads\/2021\/12\/priors-historic-walk-768x373.jpg 768w, https:\/\/www.pontcymru.org\/wp-content\/uploads\/2021\/12\/priors-historic-walk-1536x746.jpg 1536w, https:\/\/www.pontcymru.org\/wp-content\/uploads\/2021\/12\/priors-historic-walk.jpg 1920w\" sizes=\"auto, (max-width: 960px) 100vw, 960px\" \/><\/a><\/figure>\n\n\n\n<h4 class=\"wp-block-heading\">Amgylchedd Hanesyddol<\/h4>\n\n\n\n<p><\/p>\n<\/div>\n<\/div>\n\n\n\n<div class=\"wp-block-columns is-layout-flex wp-container-core-columns-is-layout-2 wp-block-columns-is-layout-flex\">\n<div class=\"wp-block-column is-layout-flow wp-block-column-is-layout-flow\">\n<figure class=\"wp-block-image size-medium\"><img loading=\"lazy\" decoding=\"async\" width=\"300\" height=\"199\" src=\"https:\/\/www.pontcymru.org\/wp-content\/uploads\/2021\/12\/NRW_logo_CMYK_stackCS6-copy-300x199.jpg\" alt=\"\" class=\"wp-image-10822\" srcset=\"https:\/\/www.pontcymru.org\/wp-content\/uploads\/2021\/12\/NRW_logo_CMYK_stackCS6-copy-300x199.jpg 300w, https:\/\/www.pontcymru.org\/wp-content\/uploads\/2021\/12\/NRW_logo_CMYK_stackCS6-copy-600x398.jpg 600w, https:\/\/www.pontcymru.org\/wp-content\/uploads\/2021\/12\/NRW_logo_CMYK_stackCS6-copy-960x637.jpg 960w, https:\/\/www.pontcymru.org\/wp-content\/uploads\/2021\/12\/NRW_logo_CMYK_stackCS6-copy-768x510.jpg 768w, https:\/\/www.pontcymru.org\/wp-content\/uploads\/2021\/12\/NRW_logo_CMYK_stackCS6-copy-1536x1019.jpg 1536w, https:\/\/www.pontcymru.org\/wp-content\/uploads\/2021\/12\/NRW_logo_CMYK_stackCS6-copy.jpg 1920w\" sizes=\"auto, (max-width: 300px) 100vw, 300px\" \/><\/figure>\n\n\n\n<p><\/p>\n<\/div>\n\n\n\n<div class=\"wp-block-column is-layout-flow wp-block-column-is-layout-flow\">\n<p>Cyllidir y prosiect gan Gyfoeth Naturiol Cymru, Canlyniadau a Rennir.<\/p>\n<\/div>\n<\/div>\n","protected":false},"excerpt":{"rendered":"<p>Mae Prosiect Canlyniadau a Rennir CNC wedi galluogi PONT i weithio gyda Gr\u0175p Dolydd G\u0175yr a phartneriaid eraill i dreialu gwahanol reolaeth ar ddolydd a gwrychoedd lleol. Fe wnaethom ni ddewis dull cyfannol o reoli dolydd. Nod y prosiect oedd meithrin sgiliau perchnogion Gr\u0175p Dolydd G\u0175yr a phartneriaid eraill i ystyried sawl agwedd ar reoli glaswelltir i wneud penderfyniadau rheoli gwybodus, cynaliadwy a hyblyg. Roedd &hellip; <a href=\"https:\/\/www.pontcymru.org\/cy\/prosiect-dolydd-a-gwrychoedd-gwyr\/\" class=\"more-link\">Continue reading <span class=\"screen-reader-text\">Prosiect Dolydd a Gwrychoedd G\u0175yr<\/span> <span class=\"meta-nav\">&raquo;<\/span><\/a><\/p>\n","protected":false},"author":204,"featured_media":10819,"parent":0,"menu_order":0,"comment_status":"closed","ping_status":"closed","template":"page-templates\/no-margins-wfi.php","meta":{"footnotes":""},"class_list":["post-10847","page","type-page","status-publish","has-post-thumbnail","hentry"],"yoast_head":"<!-- This site is optimized with the Yoast SEO plugin v26.8 - https:\/\/yoast.com\/product\/yoast-seo-wordpress\/ -->\n<title>Prosiect Dolydd a Gwrychoedd G\u0175yr | PONT<\/title>\n<meta name=\"description\" content=\"Mae Prosiect Canlyniadau a Rennir CNC wedi galluogi PONT i weithio gyda Gr\u0175p Dolydd G\u0175yr a phartneriaid eraill i dreialu gwahanol reolaeth ar ddolydd a gwrychoedd lleol. Fe wnaethom ni ddewis dull cyfannol o reoli dolydd.\" \/>\n<meta name=\"robots\" content=\"index, follow, max-snippet:-1, max-image-preview:large, max-video-preview:-1\" \/>\n<link rel=\"canonical\" href=\"https:\/\/www.pontcymru.org\/cy\/prosiect-dolydd-a-gwrychoedd-gwyr\/\" \/>\n<meta property=\"og:locale\" content=\"cy_GB\" \/>\n<meta property=\"og:type\" content=\"article\" \/>\n<meta property=\"og:title\" content=\"Prosiect Dolydd a Gwrychoedd G\u0175yr | PONT\" \/>\n<meta property=\"og:description\" content=\"Mae Prosiect Canlyniadau a Rennir CNC wedi galluogi PONT i weithio gyda Gr\u0175p Dolydd G\u0175yr a phartneriaid eraill i dreialu gwahanol reolaeth ar ddolydd a gwrychoedd lleol. Fe wnaethom ni ddewis dull cyfannol o reoli dolydd.\" \/>\n<meta property=\"og:url\" content=\"https:\/\/www.pontcymru.org\/cy\/prosiect-dolydd-a-gwrychoedd-gwyr\/\" \/>\n<meta property=\"og:site_name\" content=\"PONT\" \/>\n<meta property=\"article:modified_time\" content=\"2021-12-01T20:14:05+00:00\" \/>\n<meta property=\"og:image\" content=\"https:\/\/www.pontcymru.org\/wp-content\/uploads\/2021\/12\/plantlife-training-for-Gower-Meadows-and-Hedgerow-Management-Project-5.jpg\" \/>\n\t<meta property=\"og:image:width\" content=\"1920\" \/>\n\t<meta property=\"og:image:height\" content=\"933\" \/>\n\t<meta property=\"og:image:type\" content=\"image\/jpeg\" \/>\n<meta name=\"twitter:card\" content=\"summary_large_image\" \/>\n<meta name=\"twitter:site\" content=\"@pontcymru\" \/>\n<meta name=\"twitter:label1\" content=\"Est. reading time\" \/>\n\t<meta name=\"twitter:data1\" content=\"2 minutes\" \/>\n<script type=\"application\/ld+json\" class=\"yoast-schema-graph\">{\"@context\":\"https:\/\/schema.org\",\"@graph\":[{\"@type\":\"WebPage\",\"@id\":\"https:\/\/www.pontcymru.org\/cy\/prosiect-dolydd-a-gwrychoedd-gwyr\/\",\"url\":\"https:\/\/www.pontcymru.org\/cy\/prosiect-dolydd-a-gwrychoedd-gwyr\/\",\"name\":\"Prosiect Dolydd a Gwrychoedd G\u0175yr | PONT\",\"isPartOf\":{\"@id\":\"https:\/\/www.pontcymru.org\/#website\"},\"primaryImageOfPage\":{\"@id\":\"https:\/\/www.pontcymru.org\/cy\/prosiect-dolydd-a-gwrychoedd-gwyr\/#primaryimage\"},\"image\":{\"@id\":\"https:\/\/www.pontcymru.org\/cy\/prosiect-dolydd-a-gwrychoedd-gwyr\/#primaryimage\"},\"thumbnailUrl\":\"https:\/\/www.pontcymru.org\/wp-content\/uploads\/2021\/12\/plantlife-training-for-Gower-Meadows-and-Hedgerow-Management-Project-5.jpg\",\"datePublished\":\"2021-12-01T18:54:24+00:00\",\"dateModified\":\"2021-12-01T20:14:05+00:00\",\"description\":\"Mae Prosiect Canlyniadau a Rennir CNC wedi galluogi PONT i weithio gyda Gr\u0175p Dolydd G\u0175yr a phartneriaid eraill i dreialu gwahanol reolaeth ar ddolydd a gwrychoedd lleol. Fe wnaethom ni ddewis dull cyfannol o reoli dolydd.\",\"breadcrumb\":{\"@id\":\"https:\/\/www.pontcymru.org\/cy\/prosiect-dolydd-a-gwrychoedd-gwyr\/#breadcrumb\"},\"inLanguage\":\"cy-GB\",\"potentialAction\":[{\"@type\":\"ReadAction\",\"target\":[\"https:\/\/www.pontcymru.org\/cy\/prosiect-dolydd-a-gwrychoedd-gwyr\/\"]}]},{\"@type\":\"ImageObject\",\"inLanguage\":\"cy-GB\",\"@id\":\"https:\/\/www.pontcymru.org\/cy\/prosiect-dolydd-a-gwrychoedd-gwyr\/#primaryimage\",\"url\":\"https:\/\/www.pontcymru.org\/wp-content\/uploads\/2021\/12\/plantlife-training-for-Gower-Meadows-and-Hedgerow-Management-Project-5.jpg\",\"contentUrl\":\"https:\/\/www.pontcymru.org\/wp-content\/uploads\/2021\/12\/plantlife-training-for-Gower-Meadows-and-Hedgerow-Management-Project-5.jpg\",\"width\":1920,\"height\":933},{\"@type\":\"BreadcrumbList\",\"@id\":\"https:\/\/www.pontcymru.org\/cy\/prosiect-dolydd-a-gwrychoedd-gwyr\/#breadcrumb\",\"itemListElement\":[{\"@type\":\"ListItem\",\"position\":1,\"name\":\"Home\",\"item\":\"https:\/\/www.pontcymru.org\/cy\/\"},{\"@type\":\"ListItem\",\"position\":2,\"name\":\"Prosiect Dolydd a Gwrychoedd G\u0175yr\"}]},{\"@type\":\"WebSite\",\"@id\":\"https:\/\/www.pontcymru.org\/#website\",\"url\":\"https:\/\/www.pontcymru.org\/\",\"name\":\"PONT\",\"description\":\"Adeiladu pontydd, helpu natur, gwella tirweddau\",\"potentialAction\":[{\"@type\":\"SearchAction\",\"target\":{\"@type\":\"EntryPoint\",\"urlTemplate\":\"https:\/\/www.pontcymru.org\/?s={search_term_string}\"},\"query-input\":{\"@type\":\"PropertyValueSpecification\",\"valueRequired\":true,\"valueName\":\"search_term_string\"}}],\"inLanguage\":\"cy-GB\"}]}<\/script>\n<!-- \/ Yoast SEO plugin. -->","yoast_head_json":{"title":"Prosiect Dolydd a Gwrychoedd G\u0175yr | PONT","description":"Mae Prosiect Canlyniadau a Rennir CNC wedi galluogi PONT i weithio gyda Gr\u0175p Dolydd G\u0175yr a phartneriaid eraill i dreialu gwahanol reolaeth ar ddolydd a gwrychoedd lleol. Fe wnaethom ni ddewis dull cyfannol o reoli dolydd.","robots":{"index":"index","follow":"follow","max-snippet":"max-snippet:-1","max-image-preview":"max-image-preview:large","max-video-preview":"max-video-preview:-1"},"canonical":"https:\/\/www.pontcymru.org\/cy\/prosiect-dolydd-a-gwrychoedd-gwyr\/","og_locale":"cy_GB","og_type":"article","og_title":"Prosiect Dolydd a Gwrychoedd G\u0175yr | PONT","og_description":"Mae Prosiect Canlyniadau a Rennir CNC wedi galluogi PONT i weithio gyda Gr\u0175p Dolydd G\u0175yr a phartneriaid eraill i dreialu gwahanol reolaeth ar ddolydd a gwrychoedd lleol. Fe wnaethom ni ddewis dull cyfannol o reoli dolydd.","og_url":"https:\/\/www.pontcymru.org\/cy\/prosiect-dolydd-a-gwrychoedd-gwyr\/","og_site_name":"PONT","article_modified_time":"2021-12-01T20:14:05+00:00","og_image":[{"width":1920,"height":933,"url":"https:\/\/www.pontcymru.org\/wp-content\/uploads\/2021\/12\/plantlife-training-for-Gower-Meadows-and-Hedgerow-Management-Project-5.jpg","type":"image\/jpeg"}],"twitter_card":"summary_large_image","twitter_site":"@pontcymru","twitter_misc":{"Est. reading time":"2 minutes"},"schema":{"@context":"https:\/\/schema.org","@graph":[{"@type":"WebPage","@id":"https:\/\/www.pontcymru.org\/cy\/prosiect-dolydd-a-gwrychoedd-gwyr\/","url":"https:\/\/www.pontcymru.org\/cy\/prosiect-dolydd-a-gwrychoedd-gwyr\/","name":"Prosiect Dolydd a Gwrychoedd G\u0175yr | PONT","isPartOf":{"@id":"https:\/\/www.pontcymru.org\/#website"},"primaryImageOfPage":{"@id":"https:\/\/www.pontcymru.org\/cy\/prosiect-dolydd-a-gwrychoedd-gwyr\/#primaryimage"},"image":{"@id":"https:\/\/www.pontcymru.org\/cy\/prosiect-dolydd-a-gwrychoedd-gwyr\/#primaryimage"},"thumbnailUrl":"https:\/\/www.pontcymru.org\/wp-content\/uploads\/2021\/12\/plantlife-training-for-Gower-Meadows-and-Hedgerow-Management-Project-5.jpg","datePublished":"2021-12-01T18:54:24+00:00","dateModified":"2021-12-01T20:14:05+00:00","description":"Mae Prosiect Canlyniadau a Rennir CNC wedi galluogi PONT i weithio gyda Gr\u0175p Dolydd G\u0175yr a phartneriaid eraill i dreialu gwahanol reolaeth ar ddolydd a gwrychoedd lleol. Fe wnaethom ni ddewis dull cyfannol o reoli dolydd.","breadcrumb":{"@id":"https:\/\/www.pontcymru.org\/cy\/prosiect-dolydd-a-gwrychoedd-gwyr\/#breadcrumb"},"inLanguage":"cy-GB","potentialAction":[{"@type":"ReadAction","target":["https:\/\/www.pontcymru.org\/cy\/prosiect-dolydd-a-gwrychoedd-gwyr\/"]}]},{"@type":"ImageObject","inLanguage":"cy-GB","@id":"https:\/\/www.pontcymru.org\/cy\/prosiect-dolydd-a-gwrychoedd-gwyr\/#primaryimage","url":"https:\/\/www.pontcymru.org\/wp-content\/uploads\/2021\/12\/plantlife-training-for-Gower-Meadows-and-Hedgerow-Management-Project-5.jpg","contentUrl":"https:\/\/www.pontcymru.org\/wp-content\/uploads\/2021\/12\/plantlife-training-for-Gower-Meadows-and-Hedgerow-Management-Project-5.jpg","width":1920,"height":933},{"@type":"BreadcrumbList","@id":"https:\/\/www.pontcymru.org\/cy\/prosiect-dolydd-a-gwrychoedd-gwyr\/#breadcrumb","itemListElement":[{"@type":"ListItem","position":1,"name":"Home","item":"https:\/\/www.pontcymru.org\/cy\/"},{"@type":"ListItem","position":2,"name":"Prosiect Dolydd a Gwrychoedd G\u0175yr"}]},{"@type":"WebSite","@id":"https:\/\/www.pontcymru.org\/#website","url":"https:\/\/www.pontcymru.org\/","name":"PONT","description":"Adeiladu pontydd, helpu natur, gwella tirweddau","potentialAction":[{"@type":"SearchAction","target":{"@type":"EntryPoint","urlTemplate":"https:\/\/www.pontcymru.org\/?s={search_term_string}"},"query-input":{"@type":"PropertyValueSpecification","valueRequired":true,"valueName":"search_term_string"}}],"inLanguage":"cy-GB"}]}},"publishpress_future_workflow_manual_trigger":{"enabledWorkflows":[]},"_links":{"self":[{"href":"https:\/\/www.pontcymru.org\/cy\/wp-json\/wp\/v2\/pages\/10847","targetHints":{"allow":["GET"]}}],"collection":[{"href":"https:\/\/www.pontcymru.org\/cy\/wp-json\/wp\/v2\/pages"}],"about":[{"href":"https:\/\/www.pontcymru.org\/cy\/wp-json\/wp\/v2\/types\/page"}],"author":[{"embeddable":true,"href":"https:\/\/www.pontcymru.org\/cy\/wp-json\/wp\/v2\/users\/204"}],"replies":[{"embeddable":true,"href":"https:\/\/www.pontcymru.org\/cy\/wp-json\/wp\/v2\/comments?post=10847"}],"version-history":[{"count":13,"href":"https:\/\/www.pontcymru.org\/cy\/wp-json\/wp\/v2\/pages\/10847\/revisions"}],"predecessor-version":[{"id":10920,"href":"https:\/\/www.pontcymru.org\/cy\/wp-json\/wp\/v2\/pages\/10847\/revisions\/10920"}],"wp:featuredmedia":[{"embeddable":true,"href":"https:\/\/www.pontcymru.org\/cy\/wp-json\/wp\/v2\/media\/10819"}],"wp:attachment":[{"href":"https:\/\/www.pontcymru.org\/cy\/wp-json\/wp\/v2\/media?parent=10847"}],"curies":[{"name":"wp","href":"https:\/\/api.w.org\/{rel}","templated":true}]}}